{"id":147,"date":"2026-01-07T18:21:57","date_gmt":"2026-01-07T18:21:57","guid":{"rendered":"https:\/\/productosd3usa.com\/?post_type=product&#038;p=147"},"modified":"2026-01-07T18:57:53","modified_gmt":"2026-01-07T18:57:53","slug":"colagen-flex-premium-batido-en-polvo-300gr","status":"publish","type":"product","link":"https:\/\/productosd3usa.com\/index.php\/producto\/colagen-flex-premium-batido-en-polvo-300gr\/","title":{"rendered":"Colagen Flex Premium \u2013 Batido en Polvo 300gr"},"content":{"rendered":"<p><b>Presentaci\u00f3n.-<\/b>Batido en Polvo<br \/>\n<b>Contiene.-<\/b>\u00a0Col\u00e1geno hidrolizado, Cart\u00edlago de tibur\u00f3n, Glucosamina,\u00a0<a href=\"https:\/\/fitosana.com.pe\/producto\/camu-camu-capsulas-100-unidades\/\" target=\"_blank\" rel=\"noopener\">Camu Camu<\/a>\u00a0, Vitamina C, Calcio, Vitamina D, C\u00farcuma.<br \/>\n<b>Cantidad.-<\/b>\u00a0300gr<\/p>\n<h2>Colagen Flex Premium<\/h2>\n<h3>Beneficios:<\/h3>\n<ul>\n<li>Contiene ingredientes naturales que fortalecen el sistema \u00f3seo articular<\/li>\n<li>Protege las articulaciones, tendones y ligamento de lesiones producto del paso de los a\u00f1os o por el exceso de actividad f\u00edsica.<\/li>\n<li>Con el paso de los a\u00f1os nuestro cuerpo pierde progresivamente flexibilidad y es por la\u00a0 baja producci\u00f3n\u00a0<a href=\"https:\/\/cuidateplus.marca.com\/belleza-y-piel\/diccionario\/colageno.html\" target=\"_blank\" rel=\"noopener\">col\u00e1geno<\/a>.<\/li>\n<li>Nuestras articulaciones se vuelven r\u00edgidas y eso no nos permite movernos c\u00f3mo en la juventud<\/li>\n<li>Por eso es importante cuidar nuestro sistema \u00f3seo articular y\u00a0proteger nuestras articulaciones.<\/li>\n<li>Gracias a su f\u00f3rmula exclusiva COLAGEN FLEX \u00a0Protege Cart\u00edlagos, articulaciones, tendones y ligamentos.<\/li>\n<\/ul>\n","protected":false},"excerpt":{"rendered":"<p>Presentaci\u00f3n.-Batido en Polvo Contiene.-\u00a0Col\u00e1geno hidrolizado, Cart\u00edlago de tibur\u00f3n, Glucosamina,\u00a0Camu Camu\u00a0, Vitamina C, Calcio, Vitamina D, C\u00farcuma. Cantidad.-\u00a0300gr Colagen Flex Premium [&hellip;]<\/p>\n","protected":false},"featured_media":157,"comment_status":"open","ping_status":"closed","template":"","meta":{"site-sidebar-layout":"default","site-content-layout":"","ast-site-content-layout":"default","site-content-style":"default","site-sidebar-style":"default","ast-global-header-display":"","ast-banner-title-visibility":"","ast-main-header-display":"","ast-hfb-above-header-display":"","ast-hfb-below-header-display":"","ast-hfb-mobile-header-display":"","site-post-title":"","ast-breadcrumbs-content":"","ast-featured-img":"","footer-sml-layout":"","ast-disable-related-posts":"","theme-transparent-header-meta":"default","adv-header-id-meta":"","stick-header-meta":"","header-above-stick-meta":"","header-main-stick-meta":"","header-below-stick-meta":"","astra-migrate-meta-layouts":"set","ast-page-background-enabled":"default","ast-page-background-meta":{"desktop":{"background-color":"var(--ast-global-color-5)","background-image":"","background-repeat":"repeat","background-position":"center center","background-size":"auto","background-attachment":"scroll","background-type":"","background-media":"","overlay-type":"","overlay-color":"","overlay-opacity":"","overlay-gradient":""},"tablet":{"background-color":"","background-image":"","background-repeat":"repeat","background-position":"center center","background-size":"auto","background-attachment":"scroll","background-type":"","background-media":"","overlay-type":"","overlay-color":"","overlay-opacity":"","overlay-gradient":""},"mobile":{"background-color":"","background-image":"","background-repeat":"repeat","background-position":"center center","background-size":"auto","background-attachment":"scroll","background-type":"","background-media":"","overlay-type":"","overlay-color":"","overlay-opacity":"","overlay-gradient":""}},"ast-content-background-meta":{"desktop":{"background-color":"var(--ast-global-color-4)","background-image":"","background-repeat":"repeat","background-position":"center center","background-size":"auto","background-attachment":"scroll","background-type":"","background-media":"","overlay-type":"","overlay-color":"","overlay-opacity":"","overlay-gradient":""},"tablet":{"background-color":"var(--ast-global-color-4)","background-image":"","background-repeat":"repeat","background-position":"center center","background-size":"auto","background-attachment":"scroll","background-type":"","background-media":"","overlay-type":"","overlay-color":"","overlay-opacity":"","overlay-gradient":""},"mobile":{"background-color":"var(--ast-global-color-4)","background-image":"","background-repeat":"repeat","background-position":"center center","background-size":"auto","background-attachment":"scroll","background-type":"","background-media":"","overlay-type":"","overlay-color":"","overlay-opacity":"","overlay-gradient":""}}},"product_brand":[],"product_cat":[16,21],"product_tag":[],"class_list":{"0":"post-147","1":"product","2":"type-product","3":"status-publish","4":"has-post-thumbnail","6":"product_cat-all","7":"product_cat-colageno","8":"desktop-align-left","9":"tablet-align-left","10":"mobile-align-left","12":"first","13":"instock","14":"sale","15":"shipping-taxable","16":"purchasable","17":"product-type-simple"},"_links":{"self":[{"href":"https:\/\/productosd3usa.com\/index.php\/wp-json\/wp\/v2\/product\/147","targetHints":{"allow":["GET"]}}],"collection":[{"href":"https:\/\/productosd3usa.com\/index.php\/wp-json\/wp\/v2\/product"}],"about":[{"href":"https:\/\/productosd3usa.com\/index.php\/wp-json\/wp\/v2\/types\/product"}],"replies":[{"embeddable":true,"href":"https:\/\/productosd3usa.com\/index.php\/wp-json\/wp\/v2\/comments?post=147"}],"wp:featuredmedia":[{"embeddable":true,"href":"https:\/\/productosd3usa.com\/index.php\/wp-json\/wp\/v2\/media\/157"}],"wp:attachment":[{"href":"https:\/\/productosd3usa.com\/index.php\/wp-json\/wp\/v2\/media?parent=147"}],"wp:term":[{"taxonomy":"product_brand","embeddable":true,"href":"https:\/\/productosd3usa.com\/index.php\/wp-json\/wp\/v2\/product_brand?post=147"},{"taxonomy":"product_cat","embeddable":true,"href":"https:\/\/productosd3usa.com\/index.php\/wp-json\/wp\/v2\/product_cat?post=147"},{"taxonomy":"product_tag","embeddable":true,"href":"https:\/\/productosd3usa.com\/index.php\/wp-json\/wp\/v2\/product_tag?post=147"}],"curies":[{"name":"wp","href":"https:\/\/api.w.org\/{rel}","templated":true}]}}