{"id":168,"date":"2026-01-07T18:41:49","date_gmt":"2026-01-07T18:41:49","guid":{"rendered":"https:\/\/productosd3usa.com\/?post_type=product&#038;p=168"},"modified":"2026-01-07T18:48:35","modified_gmt":"2026-01-07T18:48:35","slug":"vinagre-de-manzana-550ml","status":"publish","type":"product","link":"https:\/\/productosd3usa.com\/index.php\/producto\/vinagre-de-manzana-550ml\/","title":{"rendered":"Vinagre de Manzana \u2013 550ml"},"content":{"rendered":"<p><b>Presentaci\u00f3n.-<\/b>\u00a0Bebida<br \/>\n<b>Contiene.-<\/b>\u00a0Vinagre de Sidra de Manzana<br \/>\n<b>Cantidad.-<\/b>\u00a0550 ml<\/p>\n<h2>Vinagre de Manzana<\/h2>\n<p>El Vinagre de Sidra de Manzana es un excelente desintoxicante natural del h\u00edgado. Favorece notablemente a la\u00a0<a href=\"https:\/\/www.niddk.nih.gov\/health-information\/informacion-de-la-salud\/enfermedades-digestivas\/aparato-digestivo-funcionamiento\" target=\"_blank\" rel=\"noopener\">digesti\u00f3n<\/a>\u00a0y mejora la flora intestinal.Ayuda a regular los niveles de insulina en sangre y a prevenir la diabetes tipo 2.Cons\u00famelo a diario y complem\u00e9ntalo con una alimentaci\u00f3n saludable.<\/p>\n<h3>Beneficios<\/h3>\n<ul>\n<li>Acelera el metabolismo.<\/li>\n<li>Ayuda a reducir la grasa abdominal.<\/li>\n<li>Gracias a su contenido de \u00e1cido ac\u00e9tico ayuda a controlar la ansiedad por comer.<\/li>\n<li>Es un excelente antibacterial y regula la acidez estomacal.<\/li>\n<li>Ayuda a equilibrar el PH de nuestro cuerpo, evitando los malos olores corporales.<\/li>\n<li>Ayuda a mejorar nuestra circulaci\u00f3n.<\/li>\n<li>Ayuda a reducir el az\u00facar en la sangre.<\/li>\n<li>Reduce los niveles de colesterol y triglic\u00e9ridos.<\/li>\n<\/ul>\n<h3>Te puede interesar:<\/h3>\n<p><strong>\u2013\u00a0<a href=\"https:\/\/fitosana.com.pe\/producto\/vinagre-de-manzana-fitosana-1100ml\/\">Presentaci\u00f3n en 1100 ml.<\/a><\/strong><\/p>\n","protected":false},"excerpt":{"rendered":"<p>Presentaci\u00f3n.-\u00a0Bebida Contiene.-\u00a0Vinagre de Sidra de Manzana Cantidad.-\u00a0550 ml Vinagre de Manzana El Vinagre de Sidra de Manzana es un excelente [&hellip;]<\/p>\n","protected":false},"featured_media":149,"comment_status":"open","ping_status":"closed","template":"","meta":{"site-sidebar-layout":"default","site-content-layout":"","ast-site-content-layout":"default","site-content-style":"default","site-sidebar-style":"default","ast-global-header-display":"","ast-banner-title-visibility":"","ast-main-header-display":"","ast-hfb-above-header-display":"","ast-hfb-below-header-display":"","ast-hfb-mobile-header-display":"","site-post-title":"","ast-breadcrumbs-content":"","ast-featured-img":"","footer-sml-layout":"","ast-disable-related-posts":"","theme-transparent-header-meta":"default","adv-header-id-meta":"","stick-header-meta":"","header-above-stick-meta":"","header-main-stick-meta":"","header-below-stick-meta":"","astra-migrate-meta-layouts":"set","ast-page-background-enabled":"default","ast-page-background-meta":{"desktop":{"background-color":"var(--ast-global-color-5)","background-image":"","background-repeat":"repeat","background-position":"center center","background-size":"auto","background-attachment":"scroll","background-type":"","background-media":"","overlay-type":"","overlay-color":"","overlay-opacity":"","overlay-gradient":""},"tablet":{"background-color":"","background-image":"","background-repeat":"repeat","background-position":"center center","background-size":"auto","background-attachment":"scroll","background-type":"","background-media":"","overlay-type":"","overlay-color":"","overlay-opacity":"","overlay-gradient":""},"mobile":{"background-color":"","background-image":"","background-repeat":"repeat","background-position":"center center","background-size":"auto","background-attachment":"scroll","background-type":"","background-media":"","overlay-type":"","overlay-color":"","overlay-opacity":"","overlay-gradient":""}},"ast-content-background-meta":{"desktop":{"background-color":"var(--ast-global-color-4)","background-image":"","background-repeat":"repeat","background-position":"center center","background-size":"auto","background-attachment":"scroll","background-type":"","background-media":"","overlay-type":"","overlay-color":"","overlay-opacity":"","overlay-gradient":""},"tablet":{"background-color":"var(--ast-global-color-4)","background-image":"","background-repeat":"repeat","background-position":"center center","background-size":"auto","background-attachment":"scroll","background-type":"","background-media":"","overlay-type":"","overlay-color":"","overlay-opacity":"","overlay-gradient":""},"mobile":{"background-color":"var(--ast-global-color-4)","background-image":"","background-repeat":"repeat","background-position":"center center","background-size":"auto","background-attachment":"scroll","background-type":"","background-media":"","overlay-type":"","overlay-color":"","overlay-opacity":"","overlay-gradient":""}}},"product_brand":[],"product_cat":[19],"product_tag":[],"class_list":{"0":"post-168","1":"product","2":"type-product","3":"status-publish","4":"has-post-thumbnail","6":"product_cat-vin","7":"desktop-align-left","8":"tablet-align-left","9":"mobile-align-left","11":"first","12":"instock","13":"shipping-taxable","14":"purchasable","15":"product-type-simple"},"_links":{"self":[{"href":"https:\/\/productosd3usa.com\/index.php\/wp-json\/wp\/v2\/product\/168","targetHints":{"allow":["GET"]}}],"collection":[{"href":"https:\/\/productosd3usa.com\/index.php\/wp-json\/wp\/v2\/product"}],"about":[{"href":"https:\/\/productosd3usa.com\/index.php\/wp-json\/wp\/v2\/types\/product"}],"replies":[{"embeddable":true,"href":"https:\/\/productosd3usa.com\/index.php\/wp-json\/wp\/v2\/comments?post=168"}],"wp:featuredmedia":[{"embeddable":true,"href":"https:\/\/productosd3usa.com\/index.php\/wp-json\/wp\/v2\/media\/149"}],"wp:attachment":[{"href":"https:\/\/productosd3usa.com\/index.php\/wp-json\/wp\/v2\/media?parent=168"}],"wp:term":[{"taxonomy":"product_brand","embeddable":true,"href":"https:\/\/productosd3usa.com\/index.php\/wp-json\/wp\/v2\/product_brand?post=168"},{"taxonomy":"product_cat","embeddable":true,"href":"https:\/\/productosd3usa.com\/index.php\/wp-json\/wp\/v2\/product_cat?post=168"},{"taxonomy":"product_tag","embeddable":true,"href":"https:\/\/productosd3usa.com\/index.php\/wp-json\/wp\/v2\/product_tag?post=168"}],"curies":[{"name":"wp","href":"https:\/\/api.w.org\/{rel}","templated":true}]}}